{"id":859,"date":"2024-03-18T06:30:29","date_gmt":"2024-03-18T05:30:29","guid":{"rendered":"https:\/\/clicaudio.es\/home\/"},"modified":"2025-10-07T19:22:03","modified_gmt":"2025-10-07T17:22:03","slug":"home","status":"publish","type":"page","link":"https:\/\/clicaudio.es\/en\/","title":{"rendered":"Home"},"content":{"rendered":"<p>[et_pb_section fb_built=&#8221;1&#8243; _builder_version=&#8221;4.24.3&#8243; _module_preset=&#8221;default&#8221; background_color=&#8221;RGBA(255,255,255,0)&#8221; background_image=&#8221;https:\/\/clicaudio.es\/wp-content\/uploads\/2024\/04\/bg-bafle.png&#8221; background_size=&#8221;custom&#8221; background_image_width=&#8221;50%&#8221; background_position=&#8221;top_right&#8221; custom_padding=&#8221;20px||0px|||&#8221; global_colors_info=&#8221;{}&#8221;][et_pb_row _builder_version=&#8221;4.24.2&#8243; _module_preset=&#8221;default&#8221; global_colors_info=&#8221;{}&#8221;][et_pb_column type=&#8221;4_4&#8243; _builder_version=&#8221;4.24.2&#8243; _module_preset=&#8221;default&#8221; global_colors_info=&#8221;{}&#8221;][et_pb_text _builder_version=&#8221;4.27.4&#8243; _module_preset=&#8221;default&#8221; text_font_size=&#8221;30px&#8221; header_font_size=&#8221;33px&#8221; header_2_text_color=&#8221;rgba(255,255,255,0.76)&#8221; header_2_font_size=&#8221;34px&#8221; header_3_font_size=&#8221;37px&#8221; text_orientation=&#8221;center&#8221; background_layout=&#8221;dark&#8221; hover_enabled=&#8221;0&#8243; global_colors_info=&#8221;{}&#8221; header_font=&#8221;&#8211;et_global_body_font||||||||&#8221; sticky_enabled=&#8221;0&#8243;]<\/p>\n<h2>\u201cSound: the other Half of the Story.\u201d<\/h2>\n<h1>At <strong style=\"letter-spacing: 4px;\">CLiCAUDiO STUDiO<\/strong>, we design, edit and mix audio for film, TV and all kinds of audiovisual projects, crafting immersive experiences that bring stories to life.<\/h1>\n<p>[\/et_pb_text][\/et_pb_column][\/et_pb_row][et_pb_row column_structure=&#8221;1_5,1_5,1_5,1_5,1_5&#8243; _builder_version=&#8221;4.25.0&#8243; _module_preset=&#8221;default&#8221; global_colors_info=&#8221;{}&#8221;][et_pb_column type=&#8221;1_5&#8243; _builder_version=&#8221;4.24.2&#8243; _module_preset=&#8221;default&#8221; global_colors_info=&#8221;{}&#8221;][et_pb_blurb title=&#8221;Sound Design &amp; Mixing&#8221; image=&#8221;https:\/\/clicaudio.es\/wp-content\/uploads\/2024\/04\/volumeters_01.png&#8221; _builder_version=&#8221;4.27.4&#8243; _module_preset=&#8221;default&#8221; background_layout=&#8221;dark&#8221; animation_style=&#8221;slide&#8221; hover_enabled=&#8221;0&#8243; global_colors_info=&#8221;{}&#8221; transform_styles__hover_enabled=&#8221;on|hover&#8221; transform_scale__hover_enabled=&#8221;on|hover&#8221; transform_translate__hover_enabled=&#8221;on|desktop&#8221; transform_rotate__hover_enabled=&#8221;on|desktop&#8221; transform_skew__hover_enabled=&#8221;on|desktop&#8221; transform_origin__hover_enabled=&#8221;on|desktop&#8221; transform_scale__hover=&#8221;110%|110%&#8221; sticky_enabled=&#8221;0&#8243;]<\/p>\n<p>from stereo to Dolby Atmos, for a professional and cinematic finish.<\/p>\n<p>[\/et_pb_blurb][\/et_pb_column][et_pb_column type=&#8221;1_5&#8243; _builder_version=&#8221;4.24.2&#8243; _module_preset=&#8221;default&#8221; global_colors_info=&#8221;{}&#8221;][et_pb_blurb title=&#8221;Dialogue editing &amp; restoration&#8221; image=&#8221;https:\/\/clicaudio.es\/wp-content\/uploads\/2024\/04\/volumeters_02.png&#8221; _builder_version=&#8221;4.27.4&#8243; _module_preset=&#8221;default&#8221; background_layout=&#8221;dark&#8221; animation_style=&#8221;slide&#8221; hover_enabled=&#8221;0&#8243; global_colors_info=&#8221;{}&#8221; transform_styles__hover_enabled=&#8221;on|hover&#8221; transform_scale__hover=&#8221;110%|110%&#8221; transform_scale__hover_enabled=&#8221;on|hover&#8221; transform_translate__hover_enabled=&#8221;on|desktop&#8221; transform_rotate__hover_enabled=&#8221;on|desktop&#8221; transform_skew__hover_enabled=&#8221;on|desktop&#8221; transform_origin__hover_enabled=&#8221;on|desktop&#8221; sticky_enabled=&#8221;0&#8243;]<\/p>\n<p>cleaning, syncing and improving clarity.<\/p>\n<p>[\/et_pb_blurb][\/et_pb_column][et_pb_column type=&#8221;1_5&#8243; _builder_version=&#8221;4.24.2&#8243; _module_preset=&#8221;default&#8221; global_colors_info=&#8221;{}&#8221;][et_pb_blurb title=&#8221;Production sound, ADR &amp; voice-over&#8221; image=&#8221;https:\/\/clicaudio.es\/wp-content\/uploads\/2024\/04\/volumeters_03.png&#8221; _builder_version=&#8221;4.27.4&#8243; _module_preset=&#8221;default&#8221; background_layout=&#8221;dark&#8221; animation_style=&#8221;slide&#8221; hover_enabled=&#8221;0&#8243; global_colors_info=&#8221;{}&#8221; transform_styles__hover_enabled=&#8221;on|hover&#8221; transform_scale__hover=&#8221;110%|110%&#8221; transform_scale__hover_enabled=&#8221;on|hover&#8221; transform_translate__hover_enabled=&#8221;on|desktop&#8221; transform_rotate__hover_enabled=&#8221;on|desktop&#8221; transform_skew__hover_enabled=&#8221;on|desktop&#8221; transform_origin__hover_enabled=&#8221;on|desktop&#8221; sticky_enabled=&#8221;0&#8243;]<\/p>\n<p>high-quality recording on set or in studio, dubbing and narration.<\/p>\n<p>[\/et_pb_blurb][\/et_pb_column][et_pb_column type=&#8221;1_5&#8243; _builder_version=&#8221;4.24.2&#8243; _module_preset=&#8221;default&#8221; global_colors_info=&#8221;{}&#8221;][et_pb_blurb title=&#8221;Foley, ambience &amp; FX design&#8221; image=&#8221;https:\/\/clicaudio.es\/wp-content\/uploads\/2024\/04\/volumeters_04.png&#8221; _builder_version=&#8221;4.27.4&#8243; _module_preset=&#8221;default&#8221; background_layout=&#8221;dark&#8221; animation_style=&#8221;slide&#8221; hover_enabled=&#8221;0&#8243; global_colors_info=&#8221;{}&#8221; transform_styles__hover_enabled=&#8221;on|hover&#8221; transform_scale__hover=&#8221;110%|110%&#8221; transform_scale__hover_enabled=&#8221;on|hover&#8221; transform_translate__hover_enabled=&#8221;on|desktop&#8221; transform_rotate__hover_enabled=&#8221;on|desktop&#8221; transform_skew__hover_enabled=&#8221;on|desktop&#8221; transform_origin__hover_enabled=&#8221;on|desktop&#8221; sticky_enabled=&#8221;0&#8243;]<\/p>\n<p>realistic or creative soundscapes that enrich storytelling.<\/p>\n<p>[\/et_pb_blurb][\/et_pb_column][et_pb_column type=&#8221;1_5&#8243; _builder_version=&#8221;4.24.2&#8243; _module_preset=&#8221;default&#8221; global_colors_info=&#8221;{}&#8221;][et_pb_blurb title=&#8221;Music composition, production &amp; mixing&#8221; image=&#8221;https:\/\/clicaudio.es\/wp-content\/uploads\/2024\/04\/volumeters_05.png&#8221; _builder_version=&#8221;4.27.4&#8243; _module_preset=&#8221;default&#8221; background_layout=&#8221;dark&#8221; animation_style=&#8221;slide&#8221; hover_enabled=&#8221;0&#8243; global_colors_info=&#8221;{}&#8221; transform_styles__hover_enabled=&#8221;on|hover&#8221; transform_scale__hover=&#8221;110%|110%&#8221; transform_scale__hover_enabled=&#8221;on|hover&#8221; transform_translate__hover_enabled=&#8221;on|desktop&#8221; transform_rotate__hover_enabled=&#8221;on|desktop&#8221; transform_skew__hover_enabled=&#8221;on|desktop&#8221; transform_origin__hover_enabled=&#8221;on|desktop&#8221; sticky_enabled=&#8221;0&#8243;]<\/p>\n<p>original scores and tailor-made music solutions.<\/p>\n<p>[\/et_pb_blurb][\/et_pb_column][\/et_pb_row][\/et_pb_section][et_pb_section fb_built=&#8221;1&#8243; _builder_version=&#8221;4.27.0&#8243; _module_preset=&#8221;default&#8221; background_color=&#8221;RGBA(255,255,255,0)&#8221; background_image=&#8221;https:\/\/clicaudio.es\/wp-content\/uploads\/2024\/06\/FONDO_CABLES.jpg&#8221; global_colors_info=&#8221;{}&#8221;][et_pb_row _builder_version=&#8221;4.24.2&#8243; _module_preset=&#8221;default&#8221; global_colors_info=&#8221;{}&#8221;][et_pb_column type=&#8221;4_4&#8243; _builder_version=&#8221;4.24.2&#8243; _module_preset=&#8221;default&#8221; global_colors_info=&#8221;{}&#8221;][et_pb_text _builder_version=&#8221;4.27.4&#8243; _module_preset=&#8221;default&#8221; background_layout=&#8221;dark&#8221; custom_padding=&#8221;||0px|||&#8221; hover_enabled=&#8221;0&#8243; global_colors_info=&#8221;{}&#8221; sticky_enabled=&#8221;0&#8243;]<\/p>\n<p>We adapt to every format: independent films, documentaries, short films, advertising or streaming platforms.<\/p>\n<p>Our mission is to enhance your project with sound that is clear, powerful and emotionally engaging.<\/p>\n<p>Our team brings together talent and experience to provide the creativity every project deserves.<\/p>\n<p>[\/et_pb_text][\/et_pb_column][\/et_pb_row][\/et_pb_section]<\/p>\n","protected":false},"excerpt":{"rendered":"<p>\u201cSound: the other Half of the Story.\u201d At CLiCAUDiO STUDiO, we design, edit and mix audio for film, TV and all kinds of audiovisual projects, crafting immersive experiences that bring stories to life.from stereo to Dolby Atmos, for a professional and cinematic finish.cleaning, syncing and improving clarity.high-quality recording on set or in studio, dubbing and [&hellip;]<\/p>\n","protected":false},"author":1,"featured_media":0,"parent":0,"menu_order":0,"comment_status":"closed","ping_status":"closed","template":"","meta":{"_et_pb_use_builder":"on","_et_pb_old_content":"","_et_gb_content_width":"","footnotes":""},"class_list":["post-859","page","type-page","status-publish","hentry"],"yoast_head":"<!-- This site is optimized with the Yoast SEO plugin v27.5 - https:\/\/yoast.com\/product\/yoast-seo-wordpress\/ -->\n<title>Home - Clicaudio<\/title>\n<meta name=\"robots\" content=\"index, follow, max-snippet:-1, max-image-preview:large, max-video-preview:-1\" \/>\n<link rel=\"canonical\" href=\"https:\/\/clicaudio.es\/en\/\" \/>\n<meta property=\"og:locale\" content=\"en_US\" \/>\n<meta property=\"og:type\" content=\"article\" \/>\n<meta property=\"og:title\" content=\"Home - Clicaudio\" \/>\n<meta property=\"og:description\" content=\"\u201cSound: the other Half of the Story.\u201d At CLiCAUDiO STUDiO, we design, edit and mix audio for film, TV and all kinds of audiovisual projects, crafting immersive experiences that bring stories to life.from stereo to Dolby Atmos, for a professional and cinematic finish.cleaning, syncing and improving clarity.high-quality recording on set or in studio, dubbing and [&hellip;]\" \/>\n<meta property=\"og:url\" content=\"https:\/\/clicaudio.es\/en\/\" \/>\n<meta property=\"og:site_name\" content=\"Clicaudio\" \/>\n<meta property=\"article:modified_time\" content=\"2025-10-07T17:22:03+00:00\" \/>\n<meta name=\"twitter:card\" content=\"summary_large_image\" \/>\n<meta name=\"twitter:label1\" content=\"Est. reading time\" \/>\n\t<meta name=\"twitter:data1\" content=\"4 minutes\" \/>\n<script type=\"application\/ld+json\" class=\"yoast-schema-graph\">{\"@context\":\"https:\\\/\\\/schema.org\",\"@graph\":[{\"@type\":\"WebPage\",\"@id\":\"https:\\\/\\\/clicaudio.es\\\/en\\\/\",\"url\":\"https:\\\/\\\/clicaudio.es\\\/en\\\/\",\"name\":\"Home - Clicaudio\",\"isPartOf\":{\"@id\":\"https:\\\/\\\/clicaudio.es\\\/en\\\/#website\"},\"datePublished\":\"2024-03-18T05:30:29+00:00\",\"dateModified\":\"2025-10-07T17:22:03+00:00\",\"breadcrumb\":{\"@id\":\"https:\\\/\\\/clicaudio.es\\\/en\\\/#breadcrumb\"},\"inLanguage\":\"en-US\",\"potentialAction\":[{\"@type\":\"ReadAction\",\"target\":[\"https:\\\/\\\/clicaudio.es\\\/en\\\/\"]}]},{\"@type\":\"BreadcrumbList\",\"@id\":\"https:\\\/\\\/clicaudio.es\\\/en\\\/#breadcrumb\",\"itemListElement\":[{\"@type\":\"ListItem\",\"position\":1,\"name\":\"Portada\",\"item\":\"https:\\\/\\\/clicaudio.es\\\/en\\\/home\\\/\"},{\"@type\":\"ListItem\",\"position\":2,\"name\":\"Home\"}]},{\"@type\":\"WebSite\",\"@id\":\"https:\\\/\\\/clicaudio.es\\\/en\\\/#website\",\"url\":\"https:\\\/\\\/clicaudio.es\\\/en\\\/\",\"name\":\"Clicaudio\",\"description\":\"Postproducci\u00f3n de Sonido para Cine y TV - Dise\u00f1o de Sonido - Composici\u00f3n Musical - Foley - ATMOS Mix\",\"publisher\":{\"@id\":\"https:\\\/\\\/clicaudio.es\\\/en\\\/#organization\"},\"potentialAction\":[{\"@type\":\"SearchAction\",\"target\":{\"@type\":\"EntryPoint\",\"urlTemplate\":\"https:\\\/\\\/clicaudio.es\\\/en\\\/?s={search_term_string}\"},\"query-input\":{\"@type\":\"PropertyValueSpecification\",\"valueRequired\":true,\"valueName\":\"search_term_string\"}}],\"inLanguage\":\"en-US\"},{\"@type\":\"Organization\",\"@id\":\"https:\\\/\\\/clicaudio.es\\\/en\\\/#organization\",\"name\":\"Clicaudio\",\"url\":\"https:\\\/\\\/clicaudio.es\\\/en\\\/\",\"logo\":{\"@type\":\"ImageObject\",\"inLanguage\":\"en-US\",\"@id\":\"https:\\\/\\\/clicaudio.es\\\/en\\\/#\\\/schema\\\/logo\\\/image\\\/\",\"url\":\"https:\\\/\\\/clicaudio.es\\\/wp-content\\\/uploads\\\/2024\\\/04\\\/favicon_clicaudio.png\",\"contentUrl\":\"https:\\\/\\\/clicaudio.es\\\/wp-content\\\/uploads\\\/2024\\\/04\\\/favicon_clicaudio.png\",\"width\":1200,\"height\":1200,\"caption\":\"Clicaudio\"},\"image\":{\"@id\":\"https:\\\/\\\/clicaudio.es\\\/en\\\/#\\\/schema\\\/logo\\\/image\\\/\"}}]}<\/script>\n<!-- \/ Yoast SEO plugin. -->","yoast_head_json":{"title":"Home - Clicaudio","robots":{"index":"index","follow":"follow","max-snippet":"max-snippet:-1","max-image-preview":"max-image-preview:large","max-video-preview":"max-video-preview:-1"},"canonical":"https:\/\/clicaudio.es\/en\/","og_locale":"en_US","og_type":"article","og_title":"Home - Clicaudio","og_description":"\u201cSound: the other Half of the Story.\u201d At CLiCAUDiO STUDiO, we design, edit and mix audio for film, TV and all kinds of audiovisual projects, crafting immersive experiences that bring stories to life.from stereo to Dolby Atmos, for a professional and cinematic finish.cleaning, syncing and improving clarity.high-quality recording on set or in studio, dubbing and [&hellip;]","og_url":"https:\/\/clicaudio.es\/en\/","og_site_name":"Clicaudio","article_modified_time":"2025-10-07T17:22:03+00:00","twitter_card":"summary_large_image","twitter_misc":{"Est. reading time":"4 minutes"},"schema":{"@context":"https:\/\/schema.org","@graph":[{"@type":"WebPage","@id":"https:\/\/clicaudio.es\/en\/","url":"https:\/\/clicaudio.es\/en\/","name":"Home - Clicaudio","isPartOf":{"@id":"https:\/\/clicaudio.es\/en\/#website"},"datePublished":"2024-03-18T05:30:29+00:00","dateModified":"2025-10-07T17:22:03+00:00","breadcrumb":{"@id":"https:\/\/clicaudio.es\/en\/#breadcrumb"},"inLanguage":"en-US","potentialAction":[{"@type":"ReadAction","target":["https:\/\/clicaudio.es\/en\/"]}]},{"@type":"BreadcrumbList","@id":"https:\/\/clicaudio.es\/en\/#breadcrumb","itemListElement":[{"@type":"ListItem","position":1,"name":"Portada","item":"https:\/\/clicaudio.es\/en\/home\/"},{"@type":"ListItem","position":2,"name":"Home"}]},{"@type":"WebSite","@id":"https:\/\/clicaudio.es\/en\/#website","url":"https:\/\/clicaudio.es\/en\/","name":"Clicaudio","description":"Postproducci\u00f3n de Sonido para Cine y TV - Dise\u00f1o de Sonido - Composici\u00f3n Musical - Foley - ATMOS Mix","publisher":{"@id":"https:\/\/clicaudio.es\/en\/#organization"},"potentialAction":[{"@type":"SearchAction","target":{"@type":"EntryPoint","urlTemplate":"https:\/\/clicaudio.es\/en\/?s={search_term_string}"},"query-input":{"@type":"PropertyValueSpecification","valueRequired":true,"valueName":"search_term_string"}}],"inLanguage":"en-US"},{"@type":"Organization","@id":"https:\/\/clicaudio.es\/en\/#organization","name":"Clicaudio","url":"https:\/\/clicaudio.es\/en\/","logo":{"@type":"ImageObject","inLanguage":"en-US","@id":"https:\/\/clicaudio.es\/en\/#\/schema\/logo\/image\/","url":"https:\/\/clicaudio.es\/wp-content\/uploads\/2024\/04\/favicon_clicaudio.png","contentUrl":"https:\/\/clicaudio.es\/wp-content\/uploads\/2024\/04\/favicon_clicaudio.png","width":1200,"height":1200,"caption":"Clicaudio"},"image":{"@id":"https:\/\/clicaudio.es\/en\/#\/schema\/logo\/image\/"}}]}},"_links":{"self":[{"href":"https:\/\/clicaudio.es\/en\/wp-json\/wp\/v2\/pages\/859","targetHints":{"allow":["GET"]}}],"collection":[{"href":"https:\/\/clicaudio.es\/en\/wp-json\/wp\/v2\/pages"}],"about":[{"href":"https:\/\/clicaudio.es\/en\/wp-json\/wp\/v2\/types\/page"}],"author":[{"embeddable":true,"href":"https:\/\/clicaudio.es\/en\/wp-json\/wp\/v2\/users\/1"}],"replies":[{"embeddable":true,"href":"https:\/\/clicaudio.es\/en\/wp-json\/wp\/v2\/comments?post=859"}],"version-history":[{"count":3,"href":"https:\/\/clicaudio.es\/en\/wp-json\/wp\/v2\/pages\/859\/revisions"}],"predecessor-version":[{"id":879,"href":"https:\/\/clicaudio.es\/en\/wp-json\/wp\/v2\/pages\/859\/revisions\/879"}],"wp:attachment":[{"href":"https:\/\/clicaudio.es\/en\/wp-json\/wp\/v2\/media?parent=859"}],"curies":[{"name":"wp","href":"https:\/\/api.w.org\/{rel}","templated":true}]}}