{"id":856,"date":"2024-03-18T06:34:57","date_gmt":"2024-03-18T05:34:57","guid":{"rendered":"https:\/\/clicaudio.es\/mixed-produced\/"},"modified":"2024-03-18T06:34:57","modified_gmt":"2024-03-18T05:34:57","slug":"mixed-produced","status":"publish","type":"page","link":"https:\/\/clicaudio.es\/en\/mixed-produced\/","title":{"rendered":"Mixed &#038; Produced"},"content":{"rendered":"<p>[et_pb_section fb_built=&#8221;1&#8243; _builder_version=&#8221;4.27.0&#8243; _module_preset=&#8221;default&#8221; background_color=&#8221;#000000&#8243; custom_padding=&#8221;2em||0em||false|false&#8221; hover_enabled=&#8221;0&#8243; global_colors_info=&#8221;{}&#8221; title_text=&#8221;FONDO_MESA&#8221; background_image=&#8221;https:\/\/clicaudio.es\/wp-content\/uploads\/2024\/06\/FONDO_MESA.jpg&#8221; sticky_enabled=&#8221;0&#8243; bottom_divider_style=&#8221;waves2&#8243; bottom_divider_repeat=&#8221;1x&#8221; bottom_divider_height=&#8221;30px&#8221; bottom_divider_flip=&#8221;horizontal&#8221; top_divider_style=&#8221;waves2&#8243; top_divider_height=&#8221;57px&#8221; prev_background_color=&#8221;#000000&#8243; next_background_color=&#8221;#000000&#8243;][et_pb_row _builder_version=&#8221;4.27.0&#8243; _module_preset=&#8221;default&#8221; global_colors_info=&#8221;{}&#8221;][et_pb_column type=&#8221;4_4&#8243; _builder_version=&#8221;4.24.2&#8243; _module_preset=&#8221;default&#8221; global_colors_info=&#8221;{}&#8221;][et_pb_text _builder_version=&#8221;4.27.0&#8243; _module_preset=&#8221;default&#8221; header_font_size=&#8221;36px&#8221; animation_style=&#8221;slide&#8221; global_colors_info=&#8221;{}&#8221;]<\/p>\n<h1>Mixed &amp; Produced<\/h1>\n<p>[\/et_pb_text][\/et_pb_column][\/et_pb_row][\/et_pb_section][et_pb_section fb_built=&#8221;1&#8243; _builder_version=&#8221;4.27.0&#8243; _module_preset=&#8221;default&#8221; background_color=&#8221;#000000&#8243; custom_padding=&#8221;0px||||false|false&#8221; global_colors_info=&#8221;{}&#8221;][et_pb_row column_structure=&#8221;1_2,1_2&#8243; make_equal=&#8221;on&#8221; _builder_version=&#8221;4.27.0&#8243; _module_preset=&#8221;default&#8221; global_colors_info=&#8221;{}&#8221;][et_pb_column type=&#8221;1_2&#8243; _builder_version=&#8221;4.27.0&#8243; _module_preset=&#8221;default&#8221; background_color=&#8221;#191919&#8243; custom_padding=&#8221;1rem|1rem|1rem|1rem|true|true&#8221; border_radii=&#8221;on|8px|8px|8px|8px&#8221; global_colors_info=&#8221;{}&#8221;][et_pb_video src=&#8221;https:\/\/youtu.be\/86YpHyA-1I0&#8243; image_src=&#8221;\/\/i.ytimg.com\/vi\/86YpHyA-1I0\/hqdefault.jpg&#8221; _builder_version=&#8221;4.27.0&#8243; _module_preset=&#8221;default&#8221; animation_style=&#8221;slide&#8221; border_radii=&#8221;off|8px|8px||&#8221; global_colors_info=&#8221;{}&#8221;][\/et_pb_video][et_pb_blurb title=&#8221;Miguel Planck&#8221; _builder_version=&#8221;4.27.0&#8243; _module_preset=&#8221;default&#8221; header_text_color=&#8221;rgba(255,255,255,0.75)&#8221; background_color=&#8221;#191919&#8243; border_radii=&#8221;on|8px|8px|8px|8px&#8221; border_radii_image=&#8221;off|8px|8px||&#8221; global_colors_info=&#8221;{}&#8221;]<\/p>\n<p>Hiperv\u00ednculo<\/p>\n<p>[\/et_pb_blurb][\/et_pb_column][et_pb_column type=&#8221;1_2&#8243; _builder_version=&#8221;4.27.0&#8243; _module_preset=&#8221;default&#8221; background_color=&#8221;#191919&#8243; custom_padding=&#8221;1rem|1rem|1rem|1rem|true|true&#8221; border_radii=&#8221;on|8px|8px|8px|8px&#8221; global_colors_info=&#8221;{}&#8221;][et_pb_video src=&#8221;https:\/\/www.youtube.com\/watch?v=6VXgkIHf0aU&#8221; image_src=&#8221;\/\/i.ytimg.com\/vi\/6VXgkIHf0aU\/hqdefault.jpg&#8221; _builder_version=&#8221;4.27.0&#8243; _module_preset=&#8221;default&#8221; animation_style=&#8221;slide&#8221; border_radii=&#8221;off|8px|8px||&#8221; global_colors_info=&#8221;{}&#8221;][\/et_pb_video][et_pb_blurb title=&#8221;Miguel Planck&#8221; _builder_version=&#8221;4.27.0&#8243; _module_preset=&#8221;default&#8221; header_text_color=&#8221;rgba(255,255,255,0.75)&#8221; background_color=&#8221;#191919&#8243; border_radii=&#8221;on|8px|8px|8px|8px&#8221; border_radii_image=&#8221;off|8px|8px||&#8221; global_colors_info=&#8221;{}&#8221;]<\/p>\n<p>Passage East (lyric video)<\/p>\n<p>[\/et_pb_blurb][\/et_pb_column][\/et_pb_row][\/et_pb_section]<\/p>\n","protected":false},"excerpt":{"rendered":"<p>Mixed &amp; ProducedHiperv\u00ednculoPassage East (lyric video)<\/p>\n","protected":false},"author":1,"featured_media":0,"parent":0,"menu_order":0,"comment_status":"closed","ping_status":"closed","template":"","meta":{"_et_pb_use_builder":"on","_et_pb_old_content":"","_et_gb_content_width":"","footnotes":""},"class_list":["post-856","page","type-page","status-publish","hentry"],"yoast_head":"<!-- This site is optimized with the Yoast SEO plugin v27.5 - https:\/\/yoast.com\/product\/yoast-seo-wordpress\/ -->\n<title>Mixed &amp; Produced - Clicaudio<\/title>\n<meta name=\"robots\" content=\"index, follow, max-snippet:-1, max-image-preview:large, max-video-preview:-1\" \/>\n<link rel=\"canonical\" href=\"https:\/\/clicaudio.es\/en\/mixed-produced\/\" \/>\n<meta property=\"og:locale\" content=\"en_US\" \/>\n<meta property=\"og:type\" content=\"article\" \/>\n<meta property=\"og:title\" content=\"Mixed &amp; Produced - Clicaudio\" \/>\n<meta property=\"og:description\" content=\"Mixed &amp; ProducedHiperv\u00ednculoPassage East (lyric video)\" \/>\n<meta property=\"og:url\" content=\"https:\/\/clicaudio.es\/en\/mixed-produced\/\" \/>\n<meta property=\"og:site_name\" content=\"Clicaudio\" \/>\n<meta name=\"twitter:card\" content=\"summary_large_image\" \/>\n<meta name=\"twitter:label1\" content=\"Est. reading time\" \/>\n\t<meta name=\"twitter:data1\" content=\"2 minutes\" \/>\n<script type=\"application\/ld+json\" class=\"yoast-schema-graph\">{\"@context\":\"https:\\\/\\\/schema.org\",\"@graph\":[{\"@type\":\"WebPage\",\"@id\":\"https:\\\/\\\/clicaudio.es\\\/en\\\/mixed-produced\\\/\",\"url\":\"https:\\\/\\\/clicaudio.es\\\/en\\\/mixed-produced\\\/\",\"name\":\"Mixed & Produced - Clicaudio\",\"isPartOf\":{\"@id\":\"https:\\\/\\\/clicaudio.es\\\/en\\\/#website\"},\"datePublished\":\"2024-03-18T05:34:57+00:00\",\"breadcrumb\":{\"@id\":\"https:\\\/\\\/clicaudio.es\\\/en\\\/mixed-produced\\\/#breadcrumb\"},\"inLanguage\":\"en-US\",\"potentialAction\":[{\"@type\":\"ReadAction\",\"target\":[\"https:\\\/\\\/clicaudio.es\\\/en\\\/mixed-produced\\\/\"]}]},{\"@type\":\"BreadcrumbList\",\"@id\":\"https:\\\/\\\/clicaudio.es\\\/en\\\/mixed-produced\\\/#breadcrumb\",\"itemListElement\":[{\"@type\":\"ListItem\",\"position\":1,\"name\":\"Portada\",\"item\":\"https:\\\/\\\/clicaudio.es\\\/en\\\/home\\\/\"},{\"@type\":\"ListItem\",\"position\":2,\"name\":\"Mixed &#038; Produced\"}]},{\"@type\":\"WebSite\",\"@id\":\"https:\\\/\\\/clicaudio.es\\\/en\\\/#website\",\"url\":\"https:\\\/\\\/clicaudio.es\\\/en\\\/\",\"name\":\"Clicaudio\",\"description\":\"Postproducci\u00f3n de Sonido para Cine y TV - Dise\u00f1o de Sonido - Composici\u00f3n Musical - Foley - ATMOS Mix\",\"publisher\":{\"@id\":\"https:\\\/\\\/clicaudio.es\\\/en\\\/#organization\"},\"potentialAction\":[{\"@type\":\"SearchAction\",\"target\":{\"@type\":\"EntryPoint\",\"urlTemplate\":\"https:\\\/\\\/clicaudio.es\\\/en\\\/?s={search_term_string}\"},\"query-input\":{\"@type\":\"PropertyValueSpecification\",\"valueRequired\":true,\"valueName\":\"search_term_string\"}}],\"inLanguage\":\"en-US\"},{\"@type\":\"Organization\",\"@id\":\"https:\\\/\\\/clicaudio.es\\\/en\\\/#organization\",\"name\":\"Clicaudio\",\"url\":\"https:\\\/\\\/clicaudio.es\\\/en\\\/\",\"logo\":{\"@type\":\"ImageObject\",\"inLanguage\":\"en-US\",\"@id\":\"https:\\\/\\\/clicaudio.es\\\/en\\\/#\\\/schema\\\/logo\\\/image\\\/\",\"url\":\"https:\\\/\\\/clicaudio.es\\\/wp-content\\\/uploads\\\/2024\\\/04\\\/favicon_clicaudio.png\",\"contentUrl\":\"https:\\\/\\\/clicaudio.es\\\/wp-content\\\/uploads\\\/2024\\\/04\\\/favicon_clicaudio.png\",\"width\":1200,\"height\":1200,\"caption\":\"Clicaudio\"},\"image\":{\"@id\":\"https:\\\/\\\/clicaudio.es\\\/en\\\/#\\\/schema\\\/logo\\\/image\\\/\"}}]}<\/script>\n<!-- \/ Yoast SEO plugin. -->","yoast_head_json":{"title":"Mixed & Produced - Clicaudio","robots":{"index":"index","follow":"follow","max-snippet":"max-snippet:-1","max-image-preview":"max-image-preview:large","max-video-preview":"max-video-preview:-1"},"canonical":"https:\/\/clicaudio.es\/en\/mixed-produced\/","og_locale":"en_US","og_type":"article","og_title":"Mixed & Produced - Clicaudio","og_description":"Mixed &amp; ProducedHiperv\u00ednculoPassage East (lyric video)","og_url":"https:\/\/clicaudio.es\/en\/mixed-produced\/","og_site_name":"Clicaudio","twitter_card":"summary_large_image","twitter_misc":{"Est. reading time":"2 minutes"},"schema":{"@context":"https:\/\/schema.org","@graph":[{"@type":"WebPage","@id":"https:\/\/clicaudio.es\/en\/mixed-produced\/","url":"https:\/\/clicaudio.es\/en\/mixed-produced\/","name":"Mixed & Produced - Clicaudio","isPartOf":{"@id":"https:\/\/clicaudio.es\/en\/#website"},"datePublished":"2024-03-18T05:34:57+00:00","breadcrumb":{"@id":"https:\/\/clicaudio.es\/en\/mixed-produced\/#breadcrumb"},"inLanguage":"en-US","potentialAction":[{"@type":"ReadAction","target":["https:\/\/clicaudio.es\/en\/mixed-produced\/"]}]},{"@type":"BreadcrumbList","@id":"https:\/\/clicaudio.es\/en\/mixed-produced\/#breadcrumb","itemListElement":[{"@type":"ListItem","position":1,"name":"Portada","item":"https:\/\/clicaudio.es\/en\/home\/"},{"@type":"ListItem","position":2,"name":"Mixed &#038; Produced"}]},{"@type":"WebSite","@id":"https:\/\/clicaudio.es\/en\/#website","url":"https:\/\/clicaudio.es\/en\/","name":"Clicaudio","description":"Postproducci\u00f3n de Sonido para Cine y TV - Dise\u00f1o de Sonido - Composici\u00f3n Musical - Foley - ATMOS Mix","publisher":{"@id":"https:\/\/clicaudio.es\/en\/#organization"},"potentialAction":[{"@type":"SearchAction","target":{"@type":"EntryPoint","urlTemplate":"https:\/\/clicaudio.es\/en\/?s={search_term_string}"},"query-input":{"@type":"PropertyValueSpecification","valueRequired":true,"valueName":"search_term_string"}}],"inLanguage":"en-US"},{"@type":"Organization","@id":"https:\/\/clicaudio.es\/en\/#organization","name":"Clicaudio","url":"https:\/\/clicaudio.es\/en\/","logo":{"@type":"ImageObject","inLanguage":"en-US","@id":"https:\/\/clicaudio.es\/en\/#\/schema\/logo\/image\/","url":"https:\/\/clicaudio.es\/wp-content\/uploads\/2024\/04\/favicon_clicaudio.png","contentUrl":"https:\/\/clicaudio.es\/wp-content\/uploads\/2024\/04\/favicon_clicaudio.png","width":1200,"height":1200,"caption":"Clicaudio"},"image":{"@id":"https:\/\/clicaudio.es\/en\/#\/schema\/logo\/image\/"}}]}},"_links":{"self":[{"href":"https:\/\/clicaudio.es\/en\/wp-json\/wp\/v2\/pages\/856","targetHints":{"allow":["GET"]}}],"collection":[{"href":"https:\/\/clicaudio.es\/en\/wp-json\/wp\/v2\/pages"}],"about":[{"href":"https:\/\/clicaudio.es\/en\/wp-json\/wp\/v2\/types\/page"}],"author":[{"embeddable":true,"href":"https:\/\/clicaudio.es\/en\/wp-json\/wp\/v2\/users\/1"}],"replies":[{"embeddable":true,"href":"https:\/\/clicaudio.es\/en\/wp-json\/wp\/v2\/comments?post=856"}],"version-history":[{"count":0,"href":"https:\/\/clicaudio.es\/en\/wp-json\/wp\/v2\/pages\/856\/revisions"}],"wp:attachment":[{"href":"https:\/\/clicaudio.es\/en\/wp-json\/wp\/v2\/media?parent=856"}],"curies":[{"name":"wp","href":"https:\/\/api.w.org\/{rel}","templated":true}]}}