{"id":854,"date":"2024-03-18T06:36:58","date_gmt":"2024-03-18T05:36:58","guid":{"rendered":"https:\/\/clicaudio.es\/contactar\/"},"modified":"2024-03-18T06:36:58","modified_gmt":"2024-03-18T05:36:58","slug":"contactar","status":"publish","type":"page","link":"https:\/\/clicaudio.es\/en\/contactar\/","title":{"rendered":"Contactar"},"content":{"rendered":"<p>[et_pb_section fb_built=&#8221;1&#8243; theme_builder_area=&#8221;post_content&#8221; _builder_version=&#8221;4.24.2&#8243; _module_preset=&#8221;default&#8221;][et_pb_row _builder_version=&#8221;4.24.2&#8243; _module_preset=&#8221;default&#8221; theme_builder_area=&#8221;post_content&#8221;][et_pb_column _builder_version=&#8221;4.24.2&#8243; _module_preset=&#8221;default&#8221; type=&#8221;4_4&#8243; theme_builder_area=&#8221;post_content&#8221;][et_pb_text _builder_version=&#8221;4.24.2&#8243; _module_preset=&#8221;default&#8221; theme_builder_area=&#8221;post_content&#8221; hover_enabled=&#8221;0&#8243; sticky_enabled=&#8221;0&#8243;]<\/p>\n<p>Contactar<\/p>\n<p>[\/et_pb_text][\/et_pb_column][\/et_pb_row][\/et_pb_section]<\/p>\n","protected":false},"excerpt":{"rendered":"<p>Contactar<\/p>\n","protected":false},"author":1,"featured_media":0,"parent":0,"menu_order":0,"comment_status":"closed","ping_status":"closed","template":"","meta":{"_et_pb_use_builder":"on","_et_pb_old_content":"","_et_gb_content_width":"","footnotes":""},"class_list":["post-854","page","type-page","status-publish","hentry"],"yoast_head":"<!-- This site is optimized with the Yoast SEO plugin v27.5 - https:\/\/yoast.com\/product\/yoast-seo-wordpress\/ -->\n<title>Contactar - Clicaudio<\/title>\n<meta name=\"robots\" content=\"index, follow, max-snippet:-1, max-image-preview:large, max-video-preview:-1\" \/>\n<link rel=\"canonical\" href=\"https:\/\/clicaudio.es\/en\/contactar\/\" \/>\n<meta property=\"og:locale\" content=\"en_US\" \/>\n<meta property=\"og:type\" content=\"article\" \/>\n<meta property=\"og:title\" content=\"Contactar - Clicaudio\" \/>\n<meta property=\"og:description\" content=\"Contactar\" \/>\n<meta property=\"og:url\" content=\"https:\/\/clicaudio.es\/en\/contactar\/\" \/>\n<meta property=\"og:site_name\" content=\"Clicaudio\" \/>\n<meta name=\"twitter:card\" content=\"summary_large_image\" \/>\n<script type=\"application\/ld+json\" class=\"yoast-schema-graph\">{\"@context\":\"https:\\\/\\\/schema.org\",\"@graph\":[{\"@type\":\"WebPage\",\"@id\":\"https:\\\/\\\/clicaudio.es\\\/en\\\/contactar\\\/\",\"url\":\"https:\\\/\\\/clicaudio.es\\\/en\\\/contactar\\\/\",\"name\":\"Contactar - Clicaudio\",\"isPartOf\":{\"@id\":\"https:\\\/\\\/clicaudio.es\\\/en\\\/#website\"},\"datePublished\":\"2024-03-18T05:36:58+00:00\",\"breadcrumb\":{\"@id\":\"https:\\\/\\\/clicaudio.es\\\/en\\\/contactar\\\/#breadcrumb\"},\"inLanguage\":\"en-US\",\"potentialAction\":[{\"@type\":\"ReadAction\",\"target\":[\"https:\\\/\\\/clicaudio.es\\\/en\\\/contactar\\\/\"]}]},{\"@type\":\"BreadcrumbList\",\"@id\":\"https:\\\/\\\/clicaudio.es\\\/en\\\/contactar\\\/#breadcrumb\",\"itemListElement\":[{\"@type\":\"ListItem\",\"position\":1,\"name\":\"Portada\",\"item\":\"https:\\\/\\\/clicaudio.es\\\/en\\\/home\\\/\"},{\"@type\":\"ListItem\",\"position\":2,\"name\":\"Contactar\"}]},{\"@type\":\"WebSite\",\"@id\":\"https:\\\/\\\/clicaudio.es\\\/en\\\/#website\",\"url\":\"https:\\\/\\\/clicaudio.es\\\/en\\\/\",\"name\":\"Clicaudio\",\"description\":\"Postproducci\u00f3n de Sonido para Cine y TV - Dise\u00f1o de Sonido - Composici\u00f3n Musical - Foley - ATMOS Mix\",\"publisher\":{\"@id\":\"https:\\\/\\\/clicaudio.es\\\/en\\\/#organization\"},\"potentialAction\":[{\"@type\":\"SearchAction\",\"target\":{\"@type\":\"EntryPoint\",\"urlTemplate\":\"https:\\\/\\\/clicaudio.es\\\/en\\\/?s={search_term_string}\"},\"query-input\":{\"@type\":\"PropertyValueSpecification\",\"valueRequired\":true,\"valueName\":\"search_term_string\"}}],\"inLanguage\":\"en-US\"},{\"@type\":\"Organization\",\"@id\":\"https:\\\/\\\/clicaudio.es\\\/en\\\/#organization\",\"name\":\"Clicaudio\",\"url\":\"https:\\\/\\\/clicaudio.es\\\/en\\\/\",\"logo\":{\"@type\":\"ImageObject\",\"inLanguage\":\"en-US\",\"@id\":\"https:\\\/\\\/clicaudio.es\\\/en\\\/#\\\/schema\\\/logo\\\/image\\\/\",\"url\":\"https:\\\/\\\/clicaudio.es\\\/wp-content\\\/uploads\\\/2024\\\/04\\\/favicon_clicaudio.png\",\"contentUrl\":\"https:\\\/\\\/clicaudio.es\\\/wp-content\\\/uploads\\\/2024\\\/04\\\/favicon_clicaudio.png\",\"width\":1200,\"height\":1200,\"caption\":\"Clicaudio\"},\"image\":{\"@id\":\"https:\\\/\\\/clicaudio.es\\\/en\\\/#\\\/schema\\\/logo\\\/image\\\/\"}}]}<\/script>\n<!-- \/ Yoast SEO plugin. -->","yoast_head_json":{"title":"Contactar - Clicaudio","robots":{"index":"index","follow":"follow","max-snippet":"max-snippet:-1","max-image-preview":"max-image-preview:large","max-video-preview":"max-video-preview:-1"},"canonical":"https:\/\/clicaudio.es\/en\/contactar\/","og_locale":"en_US","og_type":"article","og_title":"Contactar - Clicaudio","og_description":"Contactar","og_url":"https:\/\/clicaudio.es\/en\/contactar\/","og_site_name":"Clicaudio","twitter_card":"summary_large_image","schema":{"@context":"https:\/\/schema.org","@graph":[{"@type":"WebPage","@id":"https:\/\/clicaudio.es\/en\/contactar\/","url":"https:\/\/clicaudio.es\/en\/contactar\/","name":"Contactar - Clicaudio","isPartOf":{"@id":"https:\/\/clicaudio.es\/en\/#website"},"datePublished":"2024-03-18T05:36:58+00:00","breadcrumb":{"@id":"https:\/\/clicaudio.es\/en\/contactar\/#breadcrumb"},"inLanguage":"en-US","potentialAction":[{"@type":"ReadAction","target":["https:\/\/clicaudio.es\/en\/contactar\/"]}]},{"@type":"BreadcrumbList","@id":"https:\/\/clicaudio.es\/en\/contactar\/#breadcrumb","itemListElement":[{"@type":"ListItem","position":1,"name":"Portada","item":"https:\/\/clicaudio.es\/en\/home\/"},{"@type":"ListItem","position":2,"name":"Contactar"}]},{"@type":"WebSite","@id":"https:\/\/clicaudio.es\/en\/#website","url":"https:\/\/clicaudio.es\/en\/","name":"Clicaudio","description":"Postproducci\u00f3n de Sonido para Cine y TV - Dise\u00f1o de Sonido - Composici\u00f3n Musical - Foley - ATMOS Mix","publisher":{"@id":"https:\/\/clicaudio.es\/en\/#organization"},"potentialAction":[{"@type":"SearchAction","target":{"@type":"EntryPoint","urlTemplate":"https:\/\/clicaudio.es\/en\/?s={search_term_string}"},"query-input":{"@type":"PropertyValueSpecification","valueRequired":true,"valueName":"search_term_string"}}],"inLanguage":"en-US"},{"@type":"Organization","@id":"https:\/\/clicaudio.es\/en\/#organization","name":"Clicaudio","url":"https:\/\/clicaudio.es\/en\/","logo":{"@type":"ImageObject","inLanguage":"en-US","@id":"https:\/\/clicaudio.es\/en\/#\/schema\/logo\/image\/","url":"https:\/\/clicaudio.es\/wp-content\/uploads\/2024\/04\/favicon_clicaudio.png","contentUrl":"https:\/\/clicaudio.es\/wp-content\/uploads\/2024\/04\/favicon_clicaudio.png","width":1200,"height":1200,"caption":"Clicaudio"},"image":{"@id":"https:\/\/clicaudio.es\/en\/#\/schema\/logo\/image\/"}}]}},"_links":{"self":[{"href":"https:\/\/clicaudio.es\/en\/wp-json\/wp\/v2\/pages\/854","targetHints":{"allow":["GET"]}}],"collection":[{"href":"https:\/\/clicaudio.es\/en\/wp-json\/wp\/v2\/pages"}],"about":[{"href":"https:\/\/clicaudio.es\/en\/wp-json\/wp\/v2\/types\/page"}],"author":[{"embeddable":true,"href":"https:\/\/clicaudio.es\/en\/wp-json\/wp\/v2\/users\/1"}],"replies":[{"embeddable":true,"href":"https:\/\/clicaudio.es\/en\/wp-json\/wp\/v2\/comments?post=854"}],"version-history":[{"count":0,"href":"https:\/\/clicaudio.es\/en\/wp-json\/wp\/v2\/pages\/854\/revisions"}],"wp:attachment":[{"href":"https:\/\/clicaudio.es\/en\/wp-json\/wp\/v2\/media?parent=854"}],"curies":[{"name":"wp","href":"https:\/\/api.w.org\/{rel}","templated":true}]}}