{"id":852,"date":"2024-08-12T18:51:16","date_gmt":"2024-08-12T16:51:16","guid":{"rendered":"https:\/\/clicaudio.es\/politica-de-privacidad\/"},"modified":"2024-08-12T18:51:16","modified_gmt":"2024-08-12T16:51:16","slug":"politica-de-privacidad","status":"publish","type":"page","link":"https:\/\/clicaudio.es\/en\/politica-de-privacidad\/","title":{"rendered":"Pol\u00edtica de Privacidad"},"content":{"rendered":"<p>[et_pb_section fb_built=&#8221;1&#8243; _builder_version=&#8221;4.22.1&#8243; _module_preset=&#8221;default&#8221; background_color=&#8221;#000000&#8243; locked=&#8221;off&#8221; global_colors_info=&#8221;{}&#8221;][et_pb_row _builder_version=&#8221;4.22.1&#8243; _module_preset=&#8221;default&#8221; global_colors_info=&#8221;{}&#8221;][et_pb_column type=&#8221;4_4&#8243; _builder_version=&#8221;4.22.1&#8243; _module_preset=&#8221;default&#8221; global_colors_info=&#8221;{}&#8221;][et_pb_text _builder_version=&#8221;4.22.1&#8243; _module_preset=&#8221;default&#8221; text_font=&#8221;DealerPlate Layunta||||||||&#8221; header_text_align=&#8221;center&#8221; header_text_color=&#8221;#FFFFFF&#8221; header_font_size=&#8221;34px&#8221; header_letter_spacing=&#8221;5px&#8221; animation_style=&#8221;slide&#8221; locked=&#8221;off&#8221; global_colors_info=&#8221;{}&#8221;]<\/p>\n<h1>Pol\u00edtica de Privacidad<\/h1>\n<p>[\/et_pb_text][\/et_pb_column][\/et_pb_row][\/et_pb_section][et_pb_section fb_built=&#8221;1&#8243; admin_label=&#8221;section&#8221; _builder_version=&#8221;4.27.0&#8243; hover_enabled=&#8221;0&#8243; global_colors_info=&#8221;{}&#8221; background_color=&#8221;#000000&#8243; sticky_enabled=&#8221;0&#8243;][et_pb_row admin_label=&#8221;row&#8221; _builder_version=&#8221;4.16&#8243; background_size=&#8221;initial&#8221; background_position=&#8221;top_left&#8221; background_repeat=&#8221;repeat&#8221; global_colors_info=&#8221;{}&#8221;][et_pb_column type=&#8221;4_4&#8243; _builder_version=&#8221;4.16&#8243; custom_padding=&#8221;|||&#8221; global_colors_info=&#8221;{}&#8221; custom_padding__hover=&#8221;|||&#8221;][et_pb_text admin_label=&#8221;Text&#8221; _builder_version=&#8221;4.27.0&#8243; global_colors_info=&#8221;{}&#8221; text_text_color=&#8221;rgba(255,255,255,0.73)&#8221; link_text_color=&#8221;#006666&#8243; header_text_color=&#8221;#FFFFFF&#8221; header_2_text_color=&#8221;#FFFFFF&#8221; header_3_text_color=&#8221;#FFFFFF&#8221;]<\/p>\n<p><!-- divi:heading --><\/p>\n<h2>Qui\u00e9nes somos<\/h2>\n<p>La direcci\u00f3n de nuestra web es: <a href=\"https:\/\/clicaudio.es\/en\/\">https:\/\/clicaudio.es<\/a> (en adelante, Sitio Web), cuya titularidad ostenta: Juan Luis Cordero<span>, con DNI: 33277381S<\/span>, y cuyos datos de contacto son:<\/p>\n<ul>\n<li><strong>Direcci\u00f3n<\/strong>:<span> Travesia de Trujillos 2<\/span><\/li>\n<li><strong>Tel\u00e9fono de contacto<\/strong>: 656730841<\/li>\n<li><strong>Email de contacto<\/strong>:<span>\u00a0<\/span><a href=\"mailto:clicaudio@yahoo.com\">clicaudio@yahoo.com<\/a><\/li>\n<\/ul>\n<p>Datos de contacto del delegado en protecci\u00f3n de datos:<br \/>No se dispone de Delegado.<\/p>\n<p><!-- \/divi:paragraph --><!-- divi:heading --><\/p>\n<h2>Comentarios<\/h2>\n<p>Cuando los visitantes dejan comentarios en la web, recopilamos los datos que se muestran en el formulario de comentarios, as\u00ed como la direcci\u00f3n IP del visitante y la cadena de agentes de usuario del navegador para ayudar a la detecci\u00f3n de spam.<\/p>\n<p><!-- \/divi:paragraph --><!-- divi:paragraph -->Una cadena an\u00f3nima creada a partir de tu direcci\u00f3n de correo electr\u00f3nico (tambi\u00e9n llamada hash) puede ser proporcionada al servicio de Gravatar para ver si la est\u00e1s usando. La pol\u00edtica de privacidad del servicio Gravatar est\u00e1 disponible aqu\u00ed: https:\/\/automattic.com\/privacy\/. Despu\u00e9s de la aprobaci\u00f3n de tu comentario, la imagen de tu perfil es visible para el p\u00fablico en el contexto de tu comentario.<\/p>\n<p><!-- \/divi:paragraph --><!-- divi:heading --><\/p>\n<h2>Medios<\/h2>\n<p>Si subes im\u00e1genes a la web, deber\u00edas evitar subir im\u00e1genes con datos de ubicaci\u00f3n (GPS EXIF) incluidos. Los visitantes de la web pueden descargar y extraer cualquier dato de ubicaci\u00f3n de las im\u00e1genes de la web.<\/p>\n<p><!-- \/divi:paragraph --><!-- divi:heading --><\/p>\n<h2>Cookies<\/h2>\n<p>La p\u00e1gina web clicaudio.es utiliza cookies.<\/p>\n<p>Las cookies son ficheros que se descargan en tu ordenador al acceder a determinadas p\u00e1ginas web. Las cookies permiten a una p\u00e1gina web, entre otras cosas, almacenar y recuperar informaci\u00f3n sobre los h\u00e1bitos de navegaci\u00f3n de un usuario o de su equipo y, dependiendo de la informaci\u00f3n que contengan y de la forma en que utilice tu equipo. Adem\u00e1s, mejoran tu proceso de navegaci\u00f3n, ya que permiten que la p\u00e1gina web ofrezca al usuario informaci\u00f3n que puede ser de su inter\u00e9s en funci\u00f3n del uso que realice, del contenido de la misma.<\/p>\n<p>En caso de no querer recibir cookies, por favor, configura tu navegador de internet, para que las borre del disco duro de tu ordenador, las bloquee o te avise en caso de instalaci\u00f3n de las mismas. Para continuar sin cambios en la configuraci\u00f3n de las cookies, simplemente, contin\u00faa en la p\u00e1gina web.<\/p>\n<p>Si dejas un comentario en nuestro sitio puedes elegir guardar tu nombre, direcci\u00f3n de correo electr\u00f3nico y web en cookies. Esto es para tu comodidad, para que no tengas que volver a rellenar tus datos cuando dejes otro comentario. Estas cookies tendr\u00e1n una duraci\u00f3n de un a\u00f1o.<\/p>\n<p><!-- \/divi:paragraph --><!-- divi:paragraph -->Si tienes una cuenta y te conectas a este sitio, instalaremos una cookie temporal para determinar si tu navegador acepta cookies. Esta cookie no contiene datos personales y se elimina al cerrar el navegador.<\/p>\n<p><!-- \/divi:paragraph --><!-- divi:paragraph -->Cuando accedas, tambi\u00e9n instalaremos varias cookies para guardar tu informaci\u00f3n de acceso y tus opciones de visualizaci\u00f3n de pantalla. Las cookies de acceso duran dos d\u00edas, y las cookies de opciones de pantalla duran un a\u00f1o. Si seleccionas \u00abRecu\u00e9rdarme\u00bb, tu acceso perdurar\u00e1 durante dos semanas. Si sales de tu cuenta, las cookies de acceso se eliminar\u00e1n.<\/p>\n<p><!-- \/divi:paragraph --><!-- divi:paragraph -->Si editas o publicas un art\u00edculo se guardar\u00e1 una cookie adicional en tu navegador. Esta cookie no incluye datos personales y simplemente indica el ID del art\u00edculo que acabas de editar. Caduca despu\u00e9s de 1 d\u00eda.<\/p>\n<p><strong>Consentimiento<\/strong><\/p>\n<p>Las cookies que utilizamos no almacenan dato personal alguno, ni ning\u00fan tipo de informaci\u00f3n que pueda identificarte, salvo que quieran registrarse de forma voluntaria con el fin de utilizar los servicios que ponemos a tu disposici\u00f3n o de recibir informaci\u00f3n sobre promociones y contenidos de tu inter\u00e9s.<\/p>\n<p>No instalaremos cookies en tu dispositivo a no ser que nos prestes tu consentimiento expreso. En caso de no estar de acuerdo, env\u00eda un correo electr\u00f3nico a clicaudio@yahoo.com<\/p>\n<p><strong>C\u00f3mo bloquear o eliminar las cookies instaladas<\/strong><\/p>\n<p>En el pie de p\u00e1gina encontrar\u00e1s un enlace a &#8220;Ajustes de Cookies&#8221;, que le permitir\u00e1 escoger qu\u00e9 cookies quiere que se instalen y cu\u00e1les no.<\/p>\n<p>Tambi\u00e9n puedes permitir, bloquear o eliminar las cookies instaladas en tu equipo mediante la configuraci\u00f3n de las opciones de tu navegador. Puedes encontrar informaci\u00f3n sobre c\u00f3mo hacerlo, en relaci\u00f3n con los navegadores m\u00e1s comunes en los links que se incluyen a continuaci\u00f3n:<\/p>\n<p>Explorer: <a href=\"https:\/\/support.microsoft.com\/es-es\/kb\/278835\">https:\/\/support.microsoft.com\/es-es\/kb\/278835<\/a><\/p>\n<p>Chrome: <a href=\"http:\/\/support.google.com\/chrome\/bin\/answer.py?hl=es&amp;answer=95647\">http:\/\/support.google.com\/chrome\/bin\/answer.py?hl=es&amp;answer=95647<\/a><\/p>\n<p>Firefox: <a href=\"http:\/\/support.mozilla.org\/es\/kb\/Borrar%20cookies\">http:\/\/support.mozilla.org\/es\/kb\/Borrar%20cookies<\/a><\/p>\n<p>Safari: <a href=\"http:\/\/support.apple.com\/kb\/ph5042\">http:\/\/support.apple.com\/kb\/ph5042<\/a><\/p>\n<p>Te informamos, no obstante, de la posibilidad de que la desactivaci\u00f3n de alguna cookie impida o dificulte la navegaci\u00f3n o la prestaci\u00f3n de los servicios ofrecidos en la p\u00e1gina web.<\/p>\n<p><strong>Modificaciones<\/strong><\/p>\n<p>La p\u00e1gina web clicaudio.es puede modificar esta pol\u00edtica de cookies en funci\u00f3n de las exigencias legales. O con la finalidad de adaptar dicha pol\u00edtica a las instrucciones dictadas por la Agencia Espa\u00f1ola de Protecci\u00f3n de Datos.<\/p>\n<p>Por esta raz\u00f3n, aconsejamos a los usuarios que la visiten peri\u00f3dicamente. Cuando se produzcan cambios significativos en esta pol\u00edtica de cookies, se comunicar\u00e1n a los usuarios, bien mediante la web o a trav\u00e9s de correo electr\u00f3nico a los usuarios registrados.<\/p>\n<p><!-- \/divi:paragraph --><!-- divi:heading --><\/p>\n<h2>Contenido incrustado de otros sitios web<\/h2>\n<p>Los art\u00edculos de este sitio pueden incluir contenido incrustado (por ejemplo, v\u00eddeos, im\u00e1genes, art\u00edculos, etc.). El contenido incrustado de otras webs se comporta exactamente de la misma manera que si el visitante hubiera visitado la otra web.<\/p>\n<p><!-- \/divi:paragraph --><!-- divi:paragraph -->Estas web pueden recopilar datos sobre ti, utilizar cookies, incrustar un seguimiento adicional de terceros, y supervisar tu interacci\u00f3n con ese contenido incrustado, incluido el seguimiento de tu interacci\u00f3n con el contenido incrustado si tienes una cuenta y est\u00e1s conectado a esa web.<\/p>\n<p><!-- \/divi:paragraph --><!-- divi:heading --><\/p>\n<h2>Con qui\u00e9n compartimos tus datos<\/h2>\n<p>Si solicitas un restablecimiento de contrase\u00f1a, tu direcci\u00f3n IP ser\u00e1 incluida en el correo electr\u00f3nico de restablecimiento.<\/p>\n<p><!-- \/divi:paragraph --><!-- divi:heading --><\/p>\n<h2>Cu\u00e1nto tiempo conservamos tus datos<\/h2>\n<p>Si dejas un comentario, el comentario y sus metadatos se conservan indefinidamente. Esto es para que podamos reconocer y aprobar comentarios sucesivos autom\u00e1ticamente, en lugar de mantenerlos en una cola de moderaci\u00f3n.<\/p>\n<p><!-- \/divi:paragraph --><!-- divi:paragraph -->De los usuarios que se registran en nuestra web (si los hay), tambi\u00e9n almacenamos la informaci\u00f3n personal que proporcionan en su perfil de usuario. Todos los usuarios pueden ver, editar o eliminar su informaci\u00f3n personal en cualquier momento (excepto que no pueden cambiar su nombre de usuario). Los administradores de la web tambi\u00e9n pueden ver y editar esa informaci\u00f3n.<\/p>\n<p><!-- \/divi:paragraph --><!-- divi:heading --><\/p>\n<h2>Qu\u00e9 derechos tienes sobre tus datos<\/h2>\n<p>El interesado puede ejercer los siguientes derechos:<\/p>\n<ul>\n<li>Derecho a solicitar el acceso a tus datos personales.<\/li>\n<li>Derecho a solicitar su rectificaci\u00f3n o supresi\u00f3n.<\/li>\n<li>Derecho a solicitar la limitaci\u00f3n de su tratamiento.<\/li>\n<li>Derecho a oponerse al tratamiento.<\/li>\n<li>Derecho a la portabilidad de los datos.<\/li>\n<li>Derecho a retirar el consentimiento prestado.<\/li>\n<\/ul>\n<p>Cualquier persona tiene derecho a obtener confirmaci\u00f3n sobre si en clicaudio.es estamos tratando datos personales que les conciernan, o no. Las personas interesadas tienen derecho a acceder a sus datos personales, as\u00ed como a solicitar la rectificaci\u00f3n de los datos inexactos o, en su caso, solicitar su supresi\u00f3n cuando, entre otros motivos, los datos ya no sean necesarios para los fines que fueron recogidos.<\/p>\n<p>En determinadas circunstancias, los interesados podr\u00e1n solicitar la limitaci\u00f3n del tratamiento de sus datos, en cuyo caso \u00fanicamente los conservaremos para el ejercicio o la defensa de reclamaciones. En determinadas circunstancias y por motivos relacionados con su situaci\u00f3n particular, los interesados podr\u00e1n oponerse al tratamiento de sus datos. En este caso, la entidad, dejar\u00e1 de tratar los datos, salvo por motivos leg\u00edtimos imperiosos, o el ejercicio o la defensa de posibles reclamaciones.<\/p>\n<p>Si ha otorgado su consentimiento para alguna finalidad concreta, tiene derecho a retirar el consentimiento otorgado en cualquier momento, sin que ello afecte a la licitud del tratamiento basado en el consentimiento previo a su retirada.<\/p>\n<p>Para ello podr\u00e1 enviar un email a clicaudio@yahoo.com.<\/p>\n<p>En caso de que sienta vulnerados sus derechos en lo concerniente a la protecci\u00f3n de sus datos personales, especialmente cuando no haya obtenido satisfacci\u00f3n en el ejercicio de sus derechos, puede presentar una reclamaci\u00f3n ante la Autoridad de Control en materia de Protecci\u00f3n de Datos competente a trav\u00e9s de su sitio web: www.agpd.es.<\/p>\n<p>En cumplimiento de lo prevenido en el art\u00edculo 21 de la Ley 34\/2002 de servicios de la sociedad de la informaci\u00f3n y comercio electr\u00f3nico, si usted no desea recibir m\u00e1s informaci\u00f3n sobre nuestros servicios, puede darse de baja en la direcci\u00f3n de correo electr\u00f3nico clicaudio@yahoo.com, indicando en el asunto \u00abNo enviar correos\u00bb.<\/p>\n<p><!-- \/divi:paragraph --><!-- divi:heading --><\/p>\n<h2>D\u00f3nde se env\u00edan tus datos<\/h2>\n<p>Los comentarios de los visitantes puede que los revise un servicio de detecci\u00f3n autom\u00e1tica de spam.<\/p>\n<p><!-- \/divi:paragraph --><\/p>\n<p>[\/et_pb_text][\/et_pb_column][\/et_pb_row][\/et_pb_section]<\/p>\n","protected":false},"excerpt":{"rendered":"<p>Pol\u00edtica de Privacidad Qui\u00e9nes somos La direcci\u00f3n de nuestra web es: https:\/\/clicaudio.es (en adelante, Sitio Web), cuya titularidad ostenta: Juan Luis Cordero, con DNI: 33277381S, y cuyos datos de contacto son: Direcci\u00f3n: Travesia de Trujillos 2 Tel\u00e9fono de contacto: 656730841 Email de contacto:\u00a0clicaudio@yahoo.com Datos de contacto del delegado en protecci\u00f3n de datos:No se dispone de [&hellip;]<\/p>\n","protected":false},"author":1,"featured_media":0,"parent":0,"menu_order":0,"comment_status":"closed","ping_status":"closed","template":"","meta":{"_et_pb_use_builder":"on","_et_pb_old_content":"","_et_gb_content_width":"","footnotes":""},"class_list":["post-852","page","type-page","status-publish","hentry"],"yoast_head":"<!-- This site is optimized with the Yoast SEO plugin v27.5 - https:\/\/yoast.com\/product\/yoast-seo-wordpress\/ -->\n<title>Pol\u00edtica de Privacidad - Clicaudio<\/title>\n<meta name=\"robots\" content=\"index, follow, max-snippet:-1, max-image-preview:large, max-video-preview:-1\" \/>\n<link rel=\"canonical\" href=\"https:\/\/clicaudio.es\/en\/politica-de-privacidad\/\" \/>\n<meta property=\"og:locale\" content=\"en_US\" \/>\n<meta property=\"og:type\" content=\"article\" \/>\n<meta property=\"og:title\" content=\"Pol\u00edtica de Privacidad - Clicaudio\" \/>\n<meta property=\"og:description\" content=\"Pol\u00edtica de Privacidad Qui\u00e9nes somos La direcci\u00f3n de nuestra web es: https:\/\/clicaudio.es (en adelante, Sitio Web), cuya titularidad ostenta: Juan Luis Cordero, con DNI: 33277381S, y cuyos datos de contacto son: Direcci\u00f3n: Travesia de Trujillos 2 Tel\u00e9fono de contacto: 656730841 Email de contacto:\u00a0clicaudio@yahoo.com Datos de contacto del delegado en protecci\u00f3n de datos:No se dispone de [&hellip;]\" \/>\n<meta property=\"og:url\" content=\"https:\/\/clicaudio.es\/en\/politica-de-privacidad\/\" \/>\n<meta property=\"og:site_name\" content=\"Clicaudio\" \/>\n<meta name=\"twitter:card\" content=\"summary_large_image\" \/>\n<meta name=\"twitter:label1\" content=\"Est. reading time\" \/>\n\t<meta name=\"twitter:data1\" content=\"9 minutes\" \/>\n<script type=\"application\/ld+json\" class=\"yoast-schema-graph\">{\"@context\":\"https:\\\/\\\/schema.org\",\"@graph\":[{\"@type\":\"WebPage\",\"@id\":\"https:\\\/\\\/clicaudio.es\\\/en\\\/politica-de-privacidad\\\/\",\"url\":\"https:\\\/\\\/clicaudio.es\\\/en\\\/politica-de-privacidad\\\/\",\"name\":\"Pol\u00edtica de Privacidad - Clicaudio\",\"isPartOf\":{\"@id\":\"https:\\\/\\\/clicaudio.es\\\/en\\\/#website\"},\"datePublished\":\"2024-08-12T16:51:16+00:00\",\"breadcrumb\":{\"@id\":\"https:\\\/\\\/clicaudio.es\\\/en\\\/politica-de-privacidad\\\/#breadcrumb\"},\"inLanguage\":\"en-US\",\"potentialAction\":[{\"@type\":\"ReadAction\",\"target\":[\"https:\\\/\\\/clicaudio.es\\\/en\\\/politica-de-privacidad\\\/\"]}]},{\"@type\":\"BreadcrumbList\",\"@id\":\"https:\\\/\\\/clicaudio.es\\\/en\\\/politica-de-privacidad\\\/#breadcrumb\",\"itemListElement\":[{\"@type\":\"ListItem\",\"position\":1,\"name\":\"Portada\",\"item\":\"https:\\\/\\\/clicaudio.es\\\/en\\\/home\\\/\"},{\"@type\":\"ListItem\",\"position\":2,\"name\":\"Pol\u00edtica de Privacidad\"}]},{\"@type\":\"WebSite\",\"@id\":\"https:\\\/\\\/clicaudio.es\\\/en\\\/#website\",\"url\":\"https:\\\/\\\/clicaudio.es\\\/en\\\/\",\"name\":\"Clicaudio\",\"description\":\"Postproducci\u00f3n de Sonido para Cine y TV - Dise\u00f1o de Sonido - Composici\u00f3n Musical - Foley - ATMOS Mix\",\"publisher\":{\"@id\":\"https:\\\/\\\/clicaudio.es\\\/en\\\/#organization\"},\"potentialAction\":[{\"@type\":\"SearchAction\",\"target\":{\"@type\":\"EntryPoint\",\"urlTemplate\":\"https:\\\/\\\/clicaudio.es\\\/en\\\/?s={search_term_string}\"},\"query-input\":{\"@type\":\"PropertyValueSpecification\",\"valueRequired\":true,\"valueName\":\"search_term_string\"}}],\"inLanguage\":\"en-US\"},{\"@type\":\"Organization\",\"@id\":\"https:\\\/\\\/clicaudio.es\\\/en\\\/#organization\",\"name\":\"Clicaudio\",\"url\":\"https:\\\/\\\/clicaudio.es\\\/en\\\/\",\"logo\":{\"@type\":\"ImageObject\",\"inLanguage\":\"en-US\",\"@id\":\"https:\\\/\\\/clicaudio.es\\\/en\\\/#\\\/schema\\\/logo\\\/image\\\/\",\"url\":\"https:\\\/\\\/clicaudio.es\\\/wp-content\\\/uploads\\\/2024\\\/04\\\/favicon_clicaudio.png\",\"contentUrl\":\"https:\\\/\\\/clicaudio.es\\\/wp-content\\\/uploads\\\/2024\\\/04\\\/favicon_clicaudio.png\",\"width\":1200,\"height\":1200,\"caption\":\"Clicaudio\"},\"image\":{\"@id\":\"https:\\\/\\\/clicaudio.es\\\/en\\\/#\\\/schema\\\/logo\\\/image\\\/\"}}]}<\/script>\n<!-- \/ Yoast SEO plugin. -->","yoast_head_json":{"title":"Pol\u00edtica de Privacidad - Clicaudio","robots":{"index":"index","follow":"follow","max-snippet":"max-snippet:-1","max-image-preview":"max-image-preview:large","max-video-preview":"max-video-preview:-1"},"canonical":"https:\/\/clicaudio.es\/en\/politica-de-privacidad\/","og_locale":"en_US","og_type":"article","og_title":"Pol\u00edtica de Privacidad - Clicaudio","og_description":"Pol\u00edtica de Privacidad Qui\u00e9nes somos La direcci\u00f3n de nuestra web es: https:\/\/clicaudio.es (en adelante, Sitio Web), cuya titularidad ostenta: Juan Luis Cordero, con DNI: 33277381S, y cuyos datos de contacto son: Direcci\u00f3n: Travesia de Trujillos 2 Tel\u00e9fono de contacto: 656730841 Email de contacto:\u00a0clicaudio@yahoo.com Datos de contacto del delegado en protecci\u00f3n de datos:No se dispone de [&hellip;]","og_url":"https:\/\/clicaudio.es\/en\/politica-de-privacidad\/","og_site_name":"Clicaudio","twitter_card":"summary_large_image","twitter_misc":{"Est. reading time":"9 minutes"},"schema":{"@context":"https:\/\/schema.org","@graph":[{"@type":"WebPage","@id":"https:\/\/clicaudio.es\/en\/politica-de-privacidad\/","url":"https:\/\/clicaudio.es\/en\/politica-de-privacidad\/","name":"Pol\u00edtica de Privacidad - Clicaudio","isPartOf":{"@id":"https:\/\/clicaudio.es\/en\/#website"},"datePublished":"2024-08-12T16:51:16+00:00","breadcrumb":{"@id":"https:\/\/clicaudio.es\/en\/politica-de-privacidad\/#breadcrumb"},"inLanguage":"en-US","potentialAction":[{"@type":"ReadAction","target":["https:\/\/clicaudio.es\/en\/politica-de-privacidad\/"]}]},{"@type":"BreadcrumbList","@id":"https:\/\/clicaudio.es\/en\/politica-de-privacidad\/#breadcrumb","itemListElement":[{"@type":"ListItem","position":1,"name":"Portada","item":"https:\/\/clicaudio.es\/en\/home\/"},{"@type":"ListItem","position":2,"name":"Pol\u00edtica de Privacidad"}]},{"@type":"WebSite","@id":"https:\/\/clicaudio.es\/en\/#website","url":"https:\/\/clicaudio.es\/en\/","name":"Clicaudio","description":"Postproducci\u00f3n de Sonido para Cine y TV - Dise\u00f1o de Sonido - Composici\u00f3n Musical - Foley - ATMOS Mix","publisher":{"@id":"https:\/\/clicaudio.es\/en\/#organization"},"potentialAction":[{"@type":"SearchAction","target":{"@type":"EntryPoint","urlTemplate":"https:\/\/clicaudio.es\/en\/?s={search_term_string}"},"query-input":{"@type":"PropertyValueSpecification","valueRequired":true,"valueName":"search_term_string"}}],"inLanguage":"en-US"},{"@type":"Organization","@id":"https:\/\/clicaudio.es\/en\/#organization","name":"Clicaudio","url":"https:\/\/clicaudio.es\/en\/","logo":{"@type":"ImageObject","inLanguage":"en-US","@id":"https:\/\/clicaudio.es\/en\/#\/schema\/logo\/image\/","url":"https:\/\/clicaudio.es\/wp-content\/uploads\/2024\/04\/favicon_clicaudio.png","contentUrl":"https:\/\/clicaudio.es\/wp-content\/uploads\/2024\/04\/favicon_clicaudio.png","width":1200,"height":1200,"caption":"Clicaudio"},"image":{"@id":"https:\/\/clicaudio.es\/en\/#\/schema\/logo\/image\/"}}]}},"_links":{"self":[{"href":"https:\/\/clicaudio.es\/en\/wp-json\/wp\/v2\/pages\/852","targetHints":{"allow":["GET"]}}],"collection":[{"href":"https:\/\/clicaudio.es\/en\/wp-json\/wp\/v2\/pages"}],"about":[{"href":"https:\/\/clicaudio.es\/en\/wp-json\/wp\/v2\/types\/page"}],"author":[{"embeddable":true,"href":"https:\/\/clicaudio.es\/en\/wp-json\/wp\/v2\/users\/1"}],"replies":[{"embeddable":true,"href":"https:\/\/clicaudio.es\/en\/wp-json\/wp\/v2\/comments?post=852"}],"version-history":[{"count":0,"href":"https:\/\/clicaudio.es\/en\/wp-json\/wp\/v2\/pages\/852\/revisions"}],"wp:attachment":[{"href":"https:\/\/clicaudio.es\/en\/wp-json\/wp\/v2\/media?parent=852"}],"curies":[{"name":"wp","href":"https:\/\/api.w.org\/{rel}","templated":true}]}}