{"id":851,"date":"2024-08-12T18:54:08","date_gmt":"2024-08-12T16:54:08","guid":{"rendered":"https:\/\/clicaudio.es\/declaracion-de-accesibilidad\/"},"modified":"2024-08-12T18:54:08","modified_gmt":"2024-08-12T16:54:08","slug":"declaracion-de-accesibilidad","status":"publish","type":"page","link":"https:\/\/clicaudio.es\/en\/declaracion-de-accesibilidad\/","title":{"rendered":"Declaraci\u00f3n de Accesibilidad"},"content":{"rendered":"<p>[et_pb_section fb_built=&#8221;1&#8243; _builder_version=&#8221;4.22.1&#8243; _module_preset=&#8221;default&#8221; background_color=&#8221;#000000&#8243; locked=&#8221;off&#8221; global_colors_info=&#8221;{}&#8221;][et_pb_row _builder_version=&#8221;4.22.1&#8243; _module_preset=&#8221;default&#8221; global_colors_info=&#8221;{}&#8221;][et_pb_column type=&#8221;4_4&#8243; _builder_version=&#8221;4.22.1&#8243; _module_preset=&#8221;default&#8221; global_colors_info=&#8221;{}&#8221;][et_pb_text _builder_version=&#8221;4.22.1&#8243; _module_preset=&#8221;default&#8221; text_font=&#8221;DealerPlate Layunta||||||||&#8221; header_text_align=&#8221;center&#8221; header_text_color=&#8221;#FFFFFF&#8221; header_font_size=&#8221;34px&#8221; header_letter_spacing=&#8221;5px&#8221; animation_style=&#8221;slide&#8221; locked=&#8221;off&#8221; global_colors_info=&#8221;{}&#8221;]<\/p>\n<h1>Declaraci\u00f3n de Accesibilidad<\/h1>\n<p>[\/et_pb_text][\/et_pb_column][\/et_pb_row][\/et_pb_section][et_pb_section fb_built=&#8221;1&#8243; _builder_version=&#8221;4.27.0&#8243; _module_preset=&#8221;default&#8221; background_color=&#8221;#000000&#8243; global_colors_info=&#8221;{}&#8221;][et_pb_row _builder_version=&#8221;4.21.0&#8243; _module_preset=&#8221;default&#8221; global_colors_info=&#8221;{}&#8221;][et_pb_column type=&#8221;4_4&#8243; _builder_version=&#8221;4.21.0&#8243; _module_preset=&#8221;default&#8221; global_colors_info=&#8221;{}&#8221;][et_pb_text _builder_version=&#8221;4.27.0&#8243; _module_preset=&#8221;default&#8221; text_text_color=&#8221;rgba(255,255,255,0.73)&#8221; link_text_color=&#8221;#006666&#8243; header_text_color=&#8221;#FFFFFF&#8221; header_2_text_color=&#8221;#FFFFFF&#8221; header_3_text_color=&#8221;#FFFFFF&#8221; hover_enabled=&#8221;0&#8243; global_colors_info=&#8221;{}&#8221; sticky_enabled=&#8221;0&#8243;]<\/p>\n<p><span>Juan Luis Cordero<\/span>, como responsable de este sitio web, se ha comprometido a hacer accesible su sitio web, de conformidad con el<span>\u00a0<\/span><a href=\"https:\/\/www.boe.es\/diario_boe\/txt.php?id=BOE-A-2018-12699\" class=\"ext\" data-extlink=\"\" target=\"_blank\" rel=\"nofollow noopener noreferrer\">Real Decreto 1112\/2018, de 7 de septiembre, sobre accesibilidad de los sitios web y aplicaciones para dispositivos m\u00f3viles del sector p\u00fablico.<\/a><\/p>\n<p>La presente declaraci\u00f3n de accesibilidad se aplica al sitio web <strong><a href=\"https:\/\/clicaudio.es\/en\/\" target=\"_blank\" rel=\"noopener\">https:\/\/clicaudio.es\/<\/a><\/strong><\/p>\n<h2 class=\"h2_title_underlined\">Situaci\u00f3n de cumplimiento<\/h2>\n<p>Este sitio web es parcialmente conforme con el<span>\u00a0<\/span><a href=\"https:\/\/www.boe.es\/diario_boe\/txt.php?id=BOE-A-2018-12699\" class=\"ext\" data-extlink=\"\" target=\"_blank\" rel=\"nofollow noopener noreferrer\">RD 1112\/2018<\/a><span>\u00a0<\/span>debido a las excepciones y a la falta de conformidad de los aspectos que se indican en el siguiente punto.<\/p>\n<h2 class=\"h2_title_underlined\">Contenido no accesible<\/h2>\n<p>El contenido que se recoge a continuaci\u00f3n no es accesible por lo siguiente:<\/p>\n<h3>Falta de conformidad con el RD 1112\/2018<\/h3>\n<p>Podr\u00edan existir documentos ofim\u00e1ticos en PDF y otros formatos que no cumplan en su totalidad los requisitos de accesibilidad.<\/p>\n<p>Podr\u00edan existir errores de c\u00f3digo puntuales de edici\u00f3n en alguna p\u00e1gina web. [4.1.1 Procesamiento]<\/p>\n<h3>Carga desproporcionada<\/h3>\n<p>No aplica.<\/p>\n<h3>El contenido no entra dentro del \u00e1mbito de la legislaci\u00f3n aplicable<\/h3>\n<p>Podr\u00edan existir archivos ofim\u00e1ticos en PDF u otros formatos que no cumplan en su totalidad todos los requisitos de accesibilidad. Aunque se ha procurado que la mayor\u00eda de ellos s\u00ed lo cumplan.<\/p>\n<h2 class=\"h2_title_underlined\">Preparaci\u00f3n para la siguiente declaraci\u00f3n de accesibilidad<\/h2>\n<p>La presente declaraci\u00f3n fue preparada el 30 de agosto de 2023.<\/p>\n<p>El m\u00e9todo empleado para preparar la declaraci\u00f3n ha sido una autoevaluaci\u00f3n llevada a cabo por el propietario.<\/p>\n<div class=\"mb-3 subtitle_3\">Observaciones y datos de contacto<\/div>\n<p>Puede realizar comunicaciones sobre requisitos de accesibilidad (art\u00edculo 10.2.a del RD 1112\/2018) como, por ejemplo:<\/p>\n<ul>\n<li>Informar sobre cualquier posible incumplimiento por parte de este sitio web<\/li>\n<li>Transmitir otras dificultades de acceso al contenido<\/li>\n<li>Formular cualquier otra consulta o sugerencia de mejora relativa a la accesibilidad del sitio web<\/li>\n<\/ul>\n<p>a trav\u00e9s del<span>\u00a0<\/span><a href=\"https:\/\/clicaudio.es\/contactar\/\" target=\"_blank\" rel=\"noopener\">formulario de contacto<\/a><span>\u00a0<\/span>de este sitio web.<\/p>\n<p>Puede presentar:<\/p>\n<ul>\n<li>Queja relativa al cumplimiento de los requisitos del RD 1112\/2018 o<\/li>\n<li>Solicitud de Informaci\u00f3n accesible relativa a:\n<ul>\n<li>Contenidos que est\u00e1n excluidos del \u00e1mbito de aplicaci\u00f3n del RD 1112\/2018 seg\u00fan lo establecido por el art\u00edculo 3, apartado 4<\/li>\n<li>Contenidos que est\u00e1n exentos del cumplimiento de los requisitos de accesibilidad por imponer una carga desproporcionada<\/li>\n<\/ul>\n<\/li>\n<\/ul>\n<p>En la Solicitud de informaci\u00f3n accesible, se debe concretar, con toda claridad, los hechos, razones y petici\u00f3n que permitan constatar que se trata de una solicitud razonable y leg\u00edtima.<\/p>\n<p>Las quejas y reclamaciones sobre informaci\u00f3n accesible se realizar\u00e1n a trav\u00e9s del formulario de contacto.<\/p>\n<h2 class=\"h2_title_underlined\">Contenido opcional<\/h2>\n<p>Este portal est\u00e1 dise\u00f1ado para poder cambiar el tama\u00f1o del texto y el color, as\u00ed como el fondo de la p\u00e1gina mediante las opciones de configuraci\u00f3n est\u00e1ndar de los navegadores.<\/p>\n<p>Si desea cambiar el tama\u00f1o de letra del texto en los principales navegadores gr\u00e1ficos utilice los siguientes men\u00fas:<\/p>\n<ul>\n<li>Internet Explorer, Mozilla y Firefox: Ver &gt; Tama\u00f1o del texto<\/li>\n<li>Opera: Ver &gt; Zoom<\/li>\n<li>Safari: Ver &gt; Hacer el texto m\u00e1s grande<\/li>\n<li>Chrome: Controla la p\u00e1gina actual &gt; Tama\u00f1o del texto<\/li>\n<li>Para modificar el tama\u00f1o de todo en la p\u00e1gina:\n<ul>\n<li>Ctrl + + para aumentarlo<\/li>\n<li>Ctrl + &#8211; para disminuirlo<\/li>\n<li>Ctrl + 0 restaura el tama\u00f1o original del texto<\/li>\n<li>Si lo que quiere es anular la hoja de estilos o modificar el color del texto, puede consultar la p\u00e1gina<span>\u00a0<\/span><span lang=\"en\">How to Change Text Size or Colors de la WAI<\/span>, que se puede leer traducida al espa\u00f1ol en \u00bfC\u00f3mo cambiar el tama\u00f1o del texto o colores?<\/li>\n<\/ul>\n<\/li>\n<\/ul>\n<p>[\/et_pb_text][\/et_pb_column][\/et_pb_row][\/et_pb_section]<\/p>\n","protected":false},"excerpt":{"rendered":"<p>Declaraci\u00f3n de AccesibilidadJuan Luis Cordero, como responsable de este sitio web, se ha comprometido a hacer accesible su sitio web, de conformidad con el\u00a0Real Decreto 1112\/2018, de 7 de septiembre, sobre accesibilidad de los sitios web y aplicaciones para dispositivos m\u00f3viles del sector p\u00fablico. La presente declaraci\u00f3n de accesibilidad se aplica al sitio web https:\/\/clicaudio.es\/ [&hellip;]<\/p>\n","protected":false},"author":1,"featured_media":0,"parent":0,"menu_order":0,"comment_status":"closed","ping_status":"closed","template":"","meta":{"_et_pb_use_builder":"on","_et_pb_old_content":"","_et_gb_content_width":"","footnotes":""},"class_list":["post-851","page","type-page","status-publish","hentry"],"yoast_head":"<!-- This site is optimized with the Yoast SEO plugin v27.5 - https:\/\/yoast.com\/product\/yoast-seo-wordpress\/ -->\n<title>Declaraci\u00f3n de Accesibilidad - Clicaudio<\/title>\n<meta name=\"robots\" content=\"index, follow, max-snippet:-1, max-image-preview:large, max-video-preview:-1\" \/>\n<link rel=\"canonical\" href=\"https:\/\/clicaudio.es\/en\/declaracion-de-accesibilidad\/\" \/>\n<meta property=\"og:locale\" content=\"en_US\" \/>\n<meta property=\"og:type\" content=\"article\" \/>\n<meta property=\"og:title\" content=\"Declaraci\u00f3n de Accesibilidad - Clicaudio\" \/>\n<meta property=\"og:description\" content=\"Declaraci\u00f3n de AccesibilidadJuan Luis Cordero, como responsable de este sitio web, se ha comprometido a hacer accesible su sitio web, de conformidad con el\u00a0Real Decreto 1112\/2018, de 7 de septiembre, sobre accesibilidad de los sitios web y aplicaciones para dispositivos m\u00f3viles del sector p\u00fablico. La presente declaraci\u00f3n de accesibilidad se aplica al sitio web https:\/\/clicaudio.es\/ [&hellip;]\" \/>\n<meta property=\"og:url\" content=\"https:\/\/clicaudio.es\/en\/declaracion-de-accesibilidad\/\" \/>\n<meta property=\"og:site_name\" content=\"Clicaudio\" \/>\n<meta name=\"twitter:card\" content=\"summary_large_image\" \/>\n<meta name=\"twitter:label1\" content=\"Est. reading time\" \/>\n\t<meta name=\"twitter:data1\" content=\"4 minutes\" \/>\n<script type=\"application\/ld+json\" class=\"yoast-schema-graph\">{\"@context\":\"https:\\\/\\\/schema.org\",\"@graph\":[{\"@type\":\"WebPage\",\"@id\":\"https:\\\/\\\/clicaudio.es\\\/en\\\/declaracion-de-accesibilidad\\\/\",\"url\":\"https:\\\/\\\/clicaudio.es\\\/en\\\/declaracion-de-accesibilidad\\\/\",\"name\":\"Declaraci\u00f3n de Accesibilidad - Clicaudio\",\"isPartOf\":{\"@id\":\"https:\\\/\\\/clicaudio.es\\\/en\\\/#website\"},\"datePublished\":\"2024-08-12T16:54:08+00:00\",\"breadcrumb\":{\"@id\":\"https:\\\/\\\/clicaudio.es\\\/en\\\/declaracion-de-accesibilidad\\\/#breadcrumb\"},\"inLanguage\":\"en-US\",\"potentialAction\":[{\"@type\":\"ReadAction\",\"target\":[\"https:\\\/\\\/clicaudio.es\\\/en\\\/declaracion-de-accesibilidad\\\/\"]}]},{\"@type\":\"BreadcrumbList\",\"@id\":\"https:\\\/\\\/clicaudio.es\\\/en\\\/declaracion-de-accesibilidad\\\/#breadcrumb\",\"itemListElement\":[{\"@type\":\"ListItem\",\"position\":1,\"name\":\"Portada\",\"item\":\"https:\\\/\\\/clicaudio.es\\\/en\\\/home\\\/\"},{\"@type\":\"ListItem\",\"position\":2,\"name\":\"Declaraci\u00f3n de Accesibilidad\"}]},{\"@type\":\"WebSite\",\"@id\":\"https:\\\/\\\/clicaudio.es\\\/en\\\/#website\",\"url\":\"https:\\\/\\\/clicaudio.es\\\/en\\\/\",\"name\":\"Clicaudio\",\"description\":\"Postproducci\u00f3n de Sonido para Cine y TV - Dise\u00f1o de Sonido - Composici\u00f3n Musical - Foley - ATMOS Mix\",\"publisher\":{\"@id\":\"https:\\\/\\\/clicaudio.es\\\/en\\\/#organization\"},\"potentialAction\":[{\"@type\":\"SearchAction\",\"target\":{\"@type\":\"EntryPoint\",\"urlTemplate\":\"https:\\\/\\\/clicaudio.es\\\/en\\\/?s={search_term_string}\"},\"query-input\":{\"@type\":\"PropertyValueSpecification\",\"valueRequired\":true,\"valueName\":\"search_term_string\"}}],\"inLanguage\":\"en-US\"},{\"@type\":\"Organization\",\"@id\":\"https:\\\/\\\/clicaudio.es\\\/en\\\/#organization\",\"name\":\"Clicaudio\",\"url\":\"https:\\\/\\\/clicaudio.es\\\/en\\\/\",\"logo\":{\"@type\":\"ImageObject\",\"inLanguage\":\"en-US\",\"@id\":\"https:\\\/\\\/clicaudio.es\\\/en\\\/#\\\/schema\\\/logo\\\/image\\\/\",\"url\":\"https:\\\/\\\/clicaudio.es\\\/wp-content\\\/uploads\\\/2024\\\/04\\\/favicon_clicaudio.png\",\"contentUrl\":\"https:\\\/\\\/clicaudio.es\\\/wp-content\\\/uploads\\\/2024\\\/04\\\/favicon_clicaudio.png\",\"width\":1200,\"height\":1200,\"caption\":\"Clicaudio\"},\"image\":{\"@id\":\"https:\\\/\\\/clicaudio.es\\\/en\\\/#\\\/schema\\\/logo\\\/image\\\/\"}}]}<\/script>\n<!-- \/ Yoast SEO plugin. -->","yoast_head_json":{"title":"Declaraci\u00f3n de Accesibilidad - Clicaudio","robots":{"index":"index","follow":"follow","max-snippet":"max-snippet:-1","max-image-preview":"max-image-preview:large","max-video-preview":"max-video-preview:-1"},"canonical":"https:\/\/clicaudio.es\/en\/declaracion-de-accesibilidad\/","og_locale":"en_US","og_type":"article","og_title":"Declaraci\u00f3n de Accesibilidad - Clicaudio","og_description":"Declaraci\u00f3n de AccesibilidadJuan Luis Cordero, como responsable de este sitio web, se ha comprometido a hacer accesible su sitio web, de conformidad con el\u00a0Real Decreto 1112\/2018, de 7 de septiembre, sobre accesibilidad de los sitios web y aplicaciones para dispositivos m\u00f3viles del sector p\u00fablico. La presente declaraci\u00f3n de accesibilidad se aplica al sitio web https:\/\/clicaudio.es\/ [&hellip;]","og_url":"https:\/\/clicaudio.es\/en\/declaracion-de-accesibilidad\/","og_site_name":"Clicaudio","twitter_card":"summary_large_image","twitter_misc":{"Est. reading time":"4 minutes"},"schema":{"@context":"https:\/\/schema.org","@graph":[{"@type":"WebPage","@id":"https:\/\/clicaudio.es\/en\/declaracion-de-accesibilidad\/","url":"https:\/\/clicaudio.es\/en\/declaracion-de-accesibilidad\/","name":"Declaraci\u00f3n de Accesibilidad - Clicaudio","isPartOf":{"@id":"https:\/\/clicaudio.es\/en\/#website"},"datePublished":"2024-08-12T16:54:08+00:00","breadcrumb":{"@id":"https:\/\/clicaudio.es\/en\/declaracion-de-accesibilidad\/#breadcrumb"},"inLanguage":"en-US","potentialAction":[{"@type":"ReadAction","target":["https:\/\/clicaudio.es\/en\/declaracion-de-accesibilidad\/"]}]},{"@type":"BreadcrumbList","@id":"https:\/\/clicaudio.es\/en\/declaracion-de-accesibilidad\/#breadcrumb","itemListElement":[{"@type":"ListItem","position":1,"name":"Portada","item":"https:\/\/clicaudio.es\/en\/home\/"},{"@type":"ListItem","position":2,"name":"Declaraci\u00f3n de Accesibilidad"}]},{"@type":"WebSite","@id":"https:\/\/clicaudio.es\/en\/#website","url":"https:\/\/clicaudio.es\/en\/","name":"Clicaudio","description":"Postproducci\u00f3n de Sonido para Cine y TV - Dise\u00f1o de Sonido - Composici\u00f3n Musical - Foley - ATMOS Mix","publisher":{"@id":"https:\/\/clicaudio.es\/en\/#organization"},"potentialAction":[{"@type":"SearchAction","target":{"@type":"EntryPoint","urlTemplate":"https:\/\/clicaudio.es\/en\/?s={search_term_string}"},"query-input":{"@type":"PropertyValueSpecification","valueRequired":true,"valueName":"search_term_string"}}],"inLanguage":"en-US"},{"@type":"Organization","@id":"https:\/\/clicaudio.es\/en\/#organization","name":"Clicaudio","url":"https:\/\/clicaudio.es\/en\/","logo":{"@type":"ImageObject","inLanguage":"en-US","@id":"https:\/\/clicaudio.es\/en\/#\/schema\/logo\/image\/","url":"https:\/\/clicaudio.es\/wp-content\/uploads\/2024\/04\/favicon_clicaudio.png","contentUrl":"https:\/\/clicaudio.es\/wp-content\/uploads\/2024\/04\/favicon_clicaudio.png","width":1200,"height":1200,"caption":"Clicaudio"},"image":{"@id":"https:\/\/clicaudio.es\/en\/#\/schema\/logo\/image\/"}}]}},"_links":{"self":[{"href":"https:\/\/clicaudio.es\/en\/wp-json\/wp\/v2\/pages\/851","targetHints":{"allow":["GET"]}}],"collection":[{"href":"https:\/\/clicaudio.es\/en\/wp-json\/wp\/v2\/pages"}],"about":[{"href":"https:\/\/clicaudio.es\/en\/wp-json\/wp\/v2\/types\/page"}],"author":[{"embeddable":true,"href":"https:\/\/clicaudio.es\/en\/wp-json\/wp\/v2\/users\/1"}],"replies":[{"embeddable":true,"href":"https:\/\/clicaudio.es\/en\/wp-json\/wp\/v2\/comments?post=851"}],"version-history":[{"count":0,"href":"https:\/\/clicaudio.es\/en\/wp-json\/wp\/v2\/pages\/851\/revisions"}],"wp:attachment":[{"href":"https:\/\/clicaudio.es\/en\/wp-json\/wp\/v2\/media?parent=851"}],"curies":[{"name":"wp","href":"https:\/\/api.w.org\/{rel}","templated":true}]}}